{"id":76,"date":"2019-10-24T16:56:50","date_gmt":"2019-10-24T16:56:50","guid":{"rendered":"http:\/\/waldkindergartendreisamtal.de\/?page_id=76"},"modified":"2026-01-29T08:21:16","modified_gmt":"2026-01-29T08:21:16","slug":"oberried-team","status":"publish","type":"page","link":"https:\/\/waldkindergartendreisamtal.de\/?page_id=76","title":{"rendered":"Oberried und Team"},"content":{"rendered":"\n<p><a href=\"https:\/\/waldkindergartendreisamtal.de\/?page_id=70\">Buchenbach<\/a> &nbsp;&nbsp;&nbsp;&nbsp;&nbsp; <a href=\"https:\/\/waldkindergartendreisamtal.de\/?page_id=73\">Kirchzarten<\/a> &nbsp;&nbsp;&nbsp;&nbsp;&nbsp; <strong>Oberried <\/strong><\/p>\n\n\n\n<h1 class=\"wp-block-heading\">Team Oberried &amp; Kontakt<\/h1>\n\n\n\n<p><strong>Tanja Treubel: 0151-72033121<br><\/strong><a href=\"mailto:oberried@waldkindergarten-dreisamtal.com\"><strong>mail<\/strong><\/a><strong> oberried@waldkindergarten-dreisamtal.com<\/strong> <br><br> Bei Interesse an einem Kindergartenplatz, bitte den <a href=\"http:\/\/waldkindergartendreisamtal.de\/wp-content\/uploads\/2019\/11\/Vormerkung2016webform.pdf\">Vormerkbogen <\/a>ausf\u00fcllen, dann melden wir uns bei Ihnen.<br> <\/p>\n\n\n<p><br class=\"clear\"><\/p>\n\n\n<div class=\"wp-block-image\">\n<figure class=\"alignleft size-large is-resized\"><img fetchpriority=\"high\" decoding=\"async\" width=\"1024\" height=\"683\" src=\"https:\/\/waldkindergartendreisamtal.de\/wp-content\/uploads\/2022\/03\/Treubel-Foto-Website-1024x683.jpg\" alt=\"\" class=\"wp-image-790\" style=\"width:225px;height:169px\" srcset=\"https:\/\/waldkindergartendreisamtal.de\/wp-content\/uploads\/2022\/03\/Treubel-Foto-Website-1024x683.jpg 1024w, https:\/\/waldkindergartendreisamtal.de\/wp-content\/uploads\/2022\/03\/Treubel-Foto-Website-300x200.jpg 300w, https:\/\/waldkindergartendreisamtal.de\/wp-content\/uploads\/2022\/03\/Treubel-Foto-Website-768x512.jpg 768w, https:\/\/waldkindergartendreisamtal.de\/wp-content\/uploads\/2022\/03\/Treubel-Foto-Website-1536x1024.jpg 1536w, https:\/\/waldkindergartendreisamtal.de\/wp-content\/uploads\/2022\/03\/Treubel-Foto-Website-2048x1365.jpg 2048w\" sizes=\"(max-width: 1024px) 100vw, 1024px\" \/><\/figure><\/div>\n\n\n<p><strong>Tanja Treubel<br><\/strong>Ich  wurde am 04. Juli 1975 in Freiburg geboren und bin im Dreisamtal  aufgewachsen. Nach meinem Sozialp\u00e4dagogikstudium war ich zun\u00e4chst in  verschiedenen Kinderd\u00f6rfern beruflich t\u00e4tig. Nebenbei habe ich mich als  Umwelt- und Erlebnisp\u00e4dagogin, sp\u00e4ter als Systemische Beraterin  weitergebildet.<br>Nach der Geburt unseres Sohnes und meiner anschlie\u00dfenden Elternzeit  waren wir auf der Suche nach einem geeigneten Kindergartenplatz. Dabei  trafen wir auf den Waldkindergarten Kirchzarten.<br>Der liebevolle,  respektvolle und humorvolle Umgang der Erzieher mit den Kindern hat mich  beeindruckt und seither f\u00fchle ich mich dem Waldkindergarten verbunden.<br>Nach verschiedenen ehrenamtlichen T\u00e4tigkeiten im Waldkindergarten  habe ich von M\u00e4rz 2015 bis M\u00e4rz 2016 als Springerkraft und  Krankheitsvertretung am Standort Kirchzarten gearbeitet.<br>Die Ruhe,  Ger\u00e4usche und Ger\u00fcche im Wald, vor allem die Erlebnisse mit den Kindern,  mag ich besonders gerne! Seit der Gr\u00fcndung unseres dritten Standorts in  Oberried darf ich die Kinder nahezu t\u00e4glich in Wald und M\u00fchle  begleiten.<\/p>\n\n\n<p><br class=\"clear\"><\/p>\n\n\n<div class=\"wp-block-image\">\n<figure class=\"alignleft size-large is-resized\"><img decoding=\"async\" width=\"768\" height=\"1024\" src=\"https:\/\/waldkindergartendreisamtal.de\/wp-content\/uploads\/2022\/02\/Steigert-Foto-website-768x1024.jpeg\" alt=\"\" class=\"wp-image-776\" style=\"width:169px;height:225px\" srcset=\"https:\/\/waldkindergartendreisamtal.de\/wp-content\/uploads\/2022\/02\/Steigert-Foto-website-768x1024.jpeg 768w, https:\/\/waldkindergartendreisamtal.de\/wp-content\/uploads\/2022\/02\/Steigert-Foto-website-225x300.jpeg 225w, https:\/\/waldkindergartendreisamtal.de\/wp-content\/uploads\/2022\/02\/Steigert-Foto-website.jpeg 1024w\" sizes=\"(max-width: 768px) 100vw, 768px\" \/><\/figure><\/div>\n\n\n<p><strong>Hanna Rebstein<br><\/strong>Mein Name ist Hanna Rebstein. Ich bin 1979 in Freiburg geboren und in Kirchzarten aufgewachsen. Ich bin verheiratet, Mutter von zwei Kindern und von Beruf Physiotherapeutin und p\u00e4dagogische Fachkraft.<br>Bei einem Auslandsaufenthalt in Florida durfte ich Erfahrungen mit Kindern und der Delphintherapie sammeln. Dort wurde mir bewusst, wie wertvoll der Umgang mit der Natur, den Elementen und den Tieren f\u00fcr die Entwicklung von Kinder sein kann. Ebenso merkte ich, dass ich nicht mehr in geschlossenen R\u00e4umen arbeiten will.<br>Und so machte ich mich auf die Suche\u2026<br>Durch meine eigenen Kinder bin ich schlie\u00dflich im Waldkindergarten gelandet.<br>Spritzendes Pf\u00fctzenwasser, glitzernder Schnee, wirbelnde Bl\u00e4tter, leuchtende Blumenwiesen, nebelverhangene B\u00e4ume, duftendes Moos, es gibt unendlich viele tolle Momente, die es miteinander zu erfahren und begreifen gibt.<br>Ich finde es wunderbar, Kinder in dieser Umgebung begleiten und unterst\u00fctzen zu k\u00f6nnen.<\/p>\n\n\n<p><br class=\"clear\"><\/p>\n\n\n<div class=\"wp-block-image\">\n<figure class=\"alignleft is-resized\"><img decoding=\"async\" width=\"1024\" height=\"768\" src=\"https:\/\/waldkindergartendreisamtal.de\/wp-content\/uploads\/2020\/01\/Adams-Foto-website-1024x768.jpg\" alt=\"\" class=\"wp-image-297\" style=\"width:225px;height:169px\" srcset=\"https:\/\/waldkindergartendreisamtal.de\/wp-content\/uploads\/2020\/01\/Adams-Foto-website-1024x768.jpg 1024w, https:\/\/waldkindergartendreisamtal.de\/wp-content\/uploads\/2020\/01\/Adams-Foto-website-300x225.jpg 300w, https:\/\/waldkindergartendreisamtal.de\/wp-content\/uploads\/2020\/01\/Adams-Foto-website-768x576.jpg 768w\" sizes=\"(max-width: 1024px) 100vw, 1024px\" \/><\/figure><\/div>\n\n\n<p><strong>Daniela Adams<br><\/strong>Nach  Beendigung meines Studiums zur Diplom P\u00e4dagogin an der Universit\u00e4t in  K\u00f6ln, kam ich im Herbst 2001 nach Freiburg, um an einer Weiterbildung  zur Naturp\u00e4dagogin teilzunehmen. Dort ergab sich f\u00fcr mich der erste Kontakt zum Waldkindergarten. Im M\u00e4rz 2002 startete ich in Kirchzarten und blieb dort ganze 16 Jahre lang. Im Herbst 2018 wechselte ich zu unserem Standort nach Oberried.<br>F\u00fcr mich ist das Zusammensein mit den  Waldkindern eine t\u00e4gliche heilsame Quelle. Ich bin sehr dankbar, die  M\u00f6glichkeit zu haben, mit ihnen wachsen zu d\u00fcrfen. Jeden Tag aufs Neue  leben sie mir Freude, Lebendigkeit, Ausgelassenheit und die Neugierde  auf die Herausforderungen des Lebens im Hier und Jetzt vor.<\/p>\n\n\n<p><br class=\"clear\"><\/p>\n\n\n\n<p><\/p>\n\n\n<div class=\"wp-block-image\">\n<figure class=\"alignleft is-resized\"><img loading=\"lazy\" decoding=\"async\" width=\"682\" height=\"1024\" src=\"http:\/\/waldkindergartendreisamtal.de\/wp-content\/uploads\/2019\/11\/Basdevant-Foto-Website-682x1024.jpg\" alt=\"\" class=\"wp-image-176\" style=\"width:169px;height:225px\" srcset=\"https:\/\/waldkindergartendreisamtal.de\/wp-content\/uploads\/2019\/11\/Basdevant-Foto-Website-682x1024.jpg 682w, https:\/\/waldkindergartendreisamtal.de\/wp-content\/uploads\/2019\/11\/Basdevant-Foto-Website-200x300.jpg 200w, https:\/\/waldkindergartendreisamtal.de\/wp-content\/uploads\/2019\/11\/Basdevant-Foto-Website-768x1152.jpg 768w, https:\/\/waldkindergartendreisamtal.de\/wp-content\/uploads\/2019\/11\/Basdevant-Foto-Website.jpg 879w\" sizes=\"(max-width: 682px) 100vw, 682px\" \/><\/figure><\/div>\n\n\n<p><strong>S\u00e9bastien Basdevant<br><\/strong>Ich  bin ein franz\u00f6sischer Wanderer und 1980 in Macon (Burgund) geboren.  Nach meinem Studium der Bildenden K\u00fcnste hat mich mein Weg von  Frankreich nach Hamburg gef\u00fchrt, wo ich einige Jahre gelebt habe. Nach  einem mehrj\u00e4hrigen Zwischenstopp in Berlin bin ich nun in den sch\u00f6nen  Bergen des Schwarzwaldes gelandet, wo ich auf einem Bauernhof lebe.  Durch Kunst-Projektarbeiten an Grundschulen in Hamburg und Berlin habe  ich Freude an der Arbeit mit Kindern entwickelt und dann schlie\u00dflich  eine Erzieherausbildung in Berlin gemacht. Berufsbegleitend habe ich an  zwei Ganztagsgrundschulen gearbeitet. Da ich gerne durch die Natur  wandere, radele und nachts mein Zelt unter den Sternen aufstelle, war  mein Weg in den Wald nicht mehr weit. Ich bin begeistert von den  M\u00f6glichkeiten, die die Natur Kindern bietet, um Erfahrungen zu sammeln  und sich weiter zu entwickeln. Die Kinder auf ihren Abenteuern im Wald  zu begleiten, zu erleben, wie sie an ihrem Tun wachsen und sie dabei zu  unterst\u00fctzen, Neues zu entdecken und auszuprobieren, bereitet mir viel  Freude.<\/p>\n\n\n<p><br class=\"clear\"><\/p>\n\n\n<div class=\"wp-block-image\">\n<figure class=\"alignleft size-large is-resized\"><img loading=\"lazy\" decoding=\"async\" width=\"681\" height=\"1024\" src=\"https:\/\/waldkindergartendreisamtal.de\/wp-content\/uploads\/2020\/09\/Schroeder-Portrait-Website-681x1024.jpg\" alt=\"\" class=\"wp-image-502\" style=\"width:169px;height:225px\" srcset=\"https:\/\/waldkindergartendreisamtal.de\/wp-content\/uploads\/2020\/09\/Schroeder-Portrait-Website-681x1024.jpg 681w, https:\/\/waldkindergartendreisamtal.de\/wp-content\/uploads\/2020\/09\/Schroeder-Portrait-Website-200x300.jpg 200w, https:\/\/waldkindergartendreisamtal.de\/wp-content\/uploads\/2020\/09\/Schroeder-Portrait-Website-768x1154.jpg 768w, https:\/\/waldkindergartendreisamtal.de\/wp-content\/uploads\/2020\/09\/Schroeder-Portrait-Website-1022x1536.jpg 1022w, https:\/\/waldkindergartendreisamtal.de\/wp-content\/uploads\/2020\/09\/Schroeder-Portrait-Website-1363x2048.jpg 1363w, https:\/\/waldkindergartendreisamtal.de\/wp-content\/uploads\/2020\/09\/Schroeder-Portrait-Website-scaled.jpg 1703w\" sizes=\"(max-width: 681px) 100vw, 681px\" \/><\/figure><\/div>\n\n\n<p>Mein Name ist <strong>Patrick Schr\u00f6der<\/strong>, <br>ich bin 1987 in Freiburg geboren und im Dreisamtal gro\u00df geworden. Seit Anfang 2019 arbeite ich nun im Waldkindergarten. Nach der Erzieherausbildung, arbeitete ich viele Jahre in einer Zimmerei.  <br>Durch die Geburt meiner Tochter, verschob sich der Fokus in meinem Leben  und ich beschloss, mich Beruflich zur\u00fcck zu besinnen.  Ich bin sehr  froh diesen Schritt getan zu haben und genie\u00dfe die Tage mit den Kindern  im Wald.<\/p>\n\n\n<p><br class=\"clear\"><\/p>\n\n\n<div class=\"wp-block-image\">\n<figure class=\"alignleft size-large is-resized\"><img loading=\"lazy\" decoding=\"async\" width=\"768\" height=\"1024\" src=\"https:\/\/waldkindergartendreisamtal.de\/wp-content\/uploads\/2023\/02\/photo_juleJPG1-768x1024.jpg\" alt=\"\" class=\"wp-image-901\" style=\"width:174px;height:232px\" srcset=\"https:\/\/waldkindergartendreisamtal.de\/wp-content\/uploads\/2023\/02\/photo_juleJPG1-768x1024.jpg 768w, https:\/\/waldkindergartendreisamtal.de\/wp-content\/uploads\/2023\/02\/photo_juleJPG1-225x300.jpg 225w, https:\/\/waldkindergartendreisamtal.de\/wp-content\/uploads\/2023\/02\/photo_juleJPG1-1152x1536.jpg 1152w, https:\/\/waldkindergartendreisamtal.de\/wp-content\/uploads\/2023\/02\/photo_juleJPG1-1536x2048.jpg 1536w, https:\/\/waldkindergartendreisamtal.de\/wp-content\/uploads\/2023\/02\/photo_juleJPG1-scaled.jpg 1920w\" sizes=\"(max-width: 768px) 100vw, 768px\" \/><\/figure><\/div>\n\n\n<p><strong>Jule Lamla-Bollhorst<\/strong><br><br>*&nbsp;16.01.1974 &#8211; \u2020&nbsp;09.10.2022<br><br>So viele sch\u00f6ne Erinnerungen bleiben an Dich,<br>liebe Jule,<br>mit all deiner St\u00e4rke, Deinem Lachen, Deiner Lebensfreude.<\/p>\n","protected":false},"excerpt":{"rendered":"<p>Buchenbach &nbsp;&nbsp;&nbsp;&nbsp;&nbsp; Kirchzarten &nbsp;&nbsp;&nbsp;&nbsp;&nbsp; Oberried Team Oberried &amp; Kontakt Tanja Treubel: 0151-72033121mail oberried@waldkindergarten-dreisamtal.com Bei Interesse an einem Kindergartenplatz, bitte den Vormerkbogen ausf\u00fcllen, dann melden wir uns bei Ihnen. Tanja TreubelIch wurde am 04. Juli 1975 in Freiburg geboren und bin im Dreisamtal aufgewachsen. Nach meinem Sozialp\u00e4dagogikstudium war ich zun\u00e4chst in verschiedenen Kinderd\u00f6rfern beruflich t\u00e4tig. Nebenbei &#8230; <a title=\"Oberried und Team\" class=\"read-more\" href=\"https:\/\/waldkindergartendreisamtal.de\/?page_id=76\" aria-label=\"Mehr Informationen \u00fcber Oberried und Team\">Weiterlesen<\/a><\/p>\n","protected":false},"author":1,"featured_media":0,"parent":0,"menu_order":0,"comment_status":"closed","ping_status":"closed","template":"","meta":{"footnotes":""},"class_list":["post-76","page","type-page","status-publish"],"_links":{"self":[{"href":"https:\/\/waldkindergartendreisamtal.de\/index.php?rest_route=\/wp\/v2\/pages\/76","targetHints":{"allow":["GET"]}}],"collection":[{"href":"https:\/\/waldkindergartendreisamtal.de\/index.php?rest_route=\/wp\/v2\/pages"}],"about":[{"href":"https:\/\/waldkindergartendreisamtal.de\/index.php?rest_route=\/wp\/v2\/types\/page"}],"author":[{"embeddable":true,"href":"https:\/\/waldkindergartendreisamtal.de\/index.php?rest_route=\/wp\/v2\/users\/1"}],"replies":[{"embeddable":true,"href":"https:\/\/waldkindergartendreisamtal.de\/index.php?rest_route=%2Fwp%2Fv2%2Fcomments&post=76"}],"version-history":[{"count":21,"href":"https:\/\/waldkindergartendreisamtal.de\/index.php?rest_route=\/wp\/v2\/pages\/76\/revisions"}],"predecessor-version":[{"id":1285,"href":"https:\/\/waldkindergartendreisamtal.de\/index.php?rest_route=\/wp\/v2\/pages\/76\/revisions\/1285"}],"wp:attachment":[{"href":"https:\/\/waldkindergartendreisamtal.de\/index.php?rest_route=%2Fwp%2Fv2%2Fmedia&parent=76"}],"curies":[{"name":"wp","href":"https:\/\/api.w.org\/{rel}","templated":true}]}}