{"id":49,"date":"2019-10-23T18:54:11","date_gmt":"2019-10-23T18:54:11","guid":{"rendered":"http:\/\/waldkindergartendreisamtal.de\/?page_id=49"},"modified":"2022-01-14T08:49:37","modified_gmt":"2022-01-14T08:49:37","slug":"datenschutzerklaerung","status":"publish","type":"page","link":"https:\/\/waldkindergartendreisamtal.de\/?page_id=49","title":{"rendered":"Datenschutzerkl\u00e4rung"},"content":{"rendered":"\n<p><strong>Hinweise zum Datenschutz<\/strong><br>(Stand Januar 2022)<br><\/p>\n\n\n\n<p>Wir nehmen den Schutz Ihrer pers\u00f6nlichen Daten sehr ernst. <br>Personenbezogene Daten werden vertraulich und gem\u00e4\u00df den gesetzlichen  Datenschutzvorschriften behandelt. Genaueres k\u00f6nnen Sie der folgenden  Datenschutzerkl\u00e4rung entnehmen.Generell kann die Daten\u00fcbertragung \u00fcber  das Internet, z.B. per e-mail, Sicherheitsl\u00fccken aufweisen. <br>Ein  l\u00fcckenloser Schutz der Daten vor dem Zugriff durch Dritte kann daher  nicht garantiert werden.<br><\/p>\n\n\n\n<p><strong>1. Verantwortlichkeit<\/strong><br>Verantwortlich gem. Art. 4 Abs. 7  EU-Datenschutz-Grundverordnung (DSGVO) <br>ist der Waldkindergarten Dreisamtal e.V. (siehe unser Impressum).<br><\/p>\n\n\n\n<p><strong>2. Erhebung personenbezogener Daten bei Besuch unserer Website<\/strong><br>Beim  Aufrufen der Website ausschlie\u00dflich zur Betrachtung erheben wir nur die  personenbezogenen Daten, die Ihr Browser an unseren Server \u00fcbermittelt,  um die Website anzuzeigen sowie Stabilit\u00e4t und Sicherheit zu  gew\u00e4hrleisten (Rechtsgrundlage ist Art. 6 Abs.1 S. 1 lit. f  DS-GVO):<br>\u2013IP-Adresse<br>\u2013Datum und Uhrzeit der Anfrage<br>\u2013Zeitzonendifferenz zur  Greenwich Mean Time (GMT)<br>\u2013Inhalt der Anforderung (konkrete  Seite)<br>\u2013Zugriffsstatus\/HTTP-Statuscode<br>\u2013jeweils \u00fcbertragene  Datenmenge<br>\u2013Website, von der die Anforderung kommt<br>\u2013Browser\u2013Betriebssystem  und dessen Oberfl\u00e4che<br>\u2013Sprache und Version der Browsersoftware.<br><\/p>\n\n\n\n<p><strong>3. <strong>Umgang mit Kontaktdaten<\/strong><\/strong><br>Nehmen Sie mit uns als Websitebetreiber bzw. Kindergarten durch die angebotenen Kontaktm\u00f6glichkeiten Verbindung auf (z.B. durch die Dokumentationssoftware f\u00fcr die Covid-Testungen), werden Ihre Angaben gespeichert, damit auf diese zur Bearbeitung zur\u00fcckgegriffen werden kann. Mit der Nutzung der Software willigen Sie in die Verarbeitung Ihrer Daten durch den Waldkindergarten ein.<br>Falls keine gesetzlichen Aufbewahrungspflichten bestehen, werden sie gel\u00f6scht, sobald die Speicherung nicht mehr erforderlich ist.<br>Auf keinen Fall werden Ihre personenbezogenen Daten ohne Ihre Einwilligung weitergegeben.<\/p>\n\n\n\n<p><strong>4. Cookies<\/strong><br>Um unser Internetangebot nutzerfreundlicher und  effektiver zu gestalten, nutzen wir Cookies. Bei Cookies handelt es sich  um kleine Textdateien, die auf Ihrer Festplatte dem von Ihnen  verwendeten Browser zugeordnet gespeichert werden und durch welche der  Stelle, die die Cookies setzt (hier durch uns), bestimmte Informationen  zuflie\u00dfen. Sie erm\u00f6glichen es uns, Ihren Browser beim n\u00e4chsten Besuch  wiederzuerkennen.<br>Cookies k\u00f6nnen keine Programme ausf\u00fchren und auch keine  Viren auf Ihren Computer \u00fcbertragen.<br>Es werden sogenannte transiente  Cookies oder \u201eSession-Cookies\u201c verwendet. Sie werden nach dem Ausloggen oder Schlie\u00dfen des Browsers automatisiert gel\u00f6scht. <br>Sie k\u00f6nnen Ihren  Browser nach Ihren W\u00fcnschen einstellen und sich beispielsweise \u00fcber das  Setzen von Cookies informieren lassen oder Cookies nur im Einzelfall  zulassen. Auch kann die Annahme von Cookies generell ausgeschlossen  werden oder die L\u00f6schfunktion f\u00fcr Cookies beim Schlie\u00dfen des Browsers  aktiviert werden.Evtl. k\u00f6nnen dadurch nicht alle Funktionen der Website  genutzt werden.<br><\/p>\n\n\n\n<p><strong>5.&nbsp;Einbindung von Google Maps<\/strong><br>Um Ihnen auf interaktiven Karten die genauen Standorte unserer Gruppen anzeigen zu k\u00f6nnen, nutzen wir auf unserer Website das Angebot von Google Maps (Anbieter: Google Inc., 1600 Amphitheatre Parkway, Mountain View, CA 94043, USA).<br>Dies stellt ein berechtigtes Interesse im Sinne von Art. 6 Abs. 1 lit. f DSGVO dar.<br>Weitere Informationen zum Umgang mit Nutzerdaten erhalten Sie in den Datenschutzerkl\u00e4rungen des Anbieters.&nbsp; Dort erhalten Sie auch weitere Informationen zu Ihren diesbez\u00fcglichen Rechten und Einstellungsm\u00f6glichkeiten zum Schutze Ihrer Privatsph\u00e4re: <a href=\"http:\/\/www.google.de\/intl\/de\/policies\/privacy\">http:\/\/www.google.de\/intl\/de\/policies\/privacy<\/a><br>Google verarbeitet Ihre personenbezogenen Daten auch in den USA und hat sich dem EU-US Privacy Shield unterworfen: <a href=\"https:\/\/www.privacyshield.gov\/EU-US-Framework\">https:\/\/www.privacyshield.gov\/EU-US-Framework<\/a><\/p>\n\n\n\n<p><strong>6. Betroffenenrechte<\/strong><br>Bei Vorliegen der jeweiligen gesetzlichen  Voraussetzungen haben Sie gegen\u00fcber uns die folgenden Rechte  hinsichtlich Ihrer personenbezogenen Daten:<\/p>\n\n\n\n<ul class=\"wp-block-list\"><li>Auskunft \u00fcber die Verarbeitung <\/li><li>Berichtigung oder L\u00f6schung von unrichtigen personenbezogenen Daten<\/li><li>Einschr\u00e4nkung der Verarbeitung<\/li><li>Widerspruch gegen die Verarbeitung<\/li><li>Daten\u00fcbertragbarkeit in einem strukturierten, g\u00e4ngigen und maschinenlesbaren Format<\/li><li>Widerruf der Einwilligung (hierdurch wird die Rechtm\u00e4\u00dfigkeit der aufgrund der Einwilligung bis zum Widerruf erfolgten Verarbeitung nicht  ber\u00fchrt)<\/li><\/ul>\n\n\n\n<p><\/p>\n\n\n\n<p>Sind Sie der Ansicht, dass die Verarbeitung der Sie  betreffenden personenbezogenen Daten gegen die  Datenschutzgrundverordnung verst\u00f6\u00dft, haben Sie unbeschadet anderweitiger  Rechtsbehelfe das Recht auf Beschwerde bei der zust\u00e4ndigen  Aufsichtsbeh\u00f6rde.<\/p>\n","protected":false},"excerpt":{"rendered":"<p>Hinweise zum Datenschutz(Stand Januar 2022) Wir nehmen den Schutz Ihrer pers\u00f6nlichen Daten sehr ernst. Personenbezogene Daten werden vertraulich und gem\u00e4\u00df den gesetzlichen Datenschutzvorschriften behandelt. Genaueres k\u00f6nnen Sie der folgenden Datenschutzerkl\u00e4rung entnehmen.Generell kann die Daten\u00fcbertragung \u00fcber das Internet, z.B. per e-mail, Sicherheitsl\u00fccken aufweisen. Ein l\u00fcckenloser Schutz der Daten vor dem Zugriff durch Dritte kann daher nicht &#8230; <a title=\"Datenschutzerkl\u00e4rung\" class=\"read-more\" href=\"https:\/\/waldkindergartendreisamtal.de\/?page_id=49\" aria-label=\"Mehr Informationen \u00fcber Datenschutzerkl\u00e4rung\">Weiterlesen<\/a><\/p>\n","protected":false},"author":1,"featured_media":0,"parent":0,"menu_order":0,"comment_status":"closed","ping_status":"closed","template":"","meta":{"footnotes":""},"class_list":["post-49","page","type-page","status-publish"],"_links":{"self":[{"href":"https:\/\/waldkindergartendreisamtal.de\/index.php?rest_route=\/wp\/v2\/pages\/49","targetHints":{"allow":["GET"]}}],"collection":[{"href":"https:\/\/waldkindergartendreisamtal.de\/index.php?rest_route=\/wp\/v2\/pages"}],"about":[{"href":"https:\/\/waldkindergartendreisamtal.de\/index.php?rest_route=\/wp\/v2\/types\/page"}],"author":[{"embeddable":true,"href":"https:\/\/waldkindergartendreisamtal.de\/index.php?rest_route=\/wp\/v2\/users\/1"}],"replies":[{"embeddable":true,"href":"https:\/\/waldkindergartendreisamtal.de\/index.php?rest_route=%2Fwp%2Fv2%2Fcomments&post=49"}],"version-history":[{"count":6,"href":"https:\/\/waldkindergartendreisamtal.de\/index.php?rest_route=\/wp\/v2\/pages\/49\/revisions"}],"predecessor-version":[{"id":758,"href":"https:\/\/waldkindergartendreisamtal.de\/index.php?rest_route=\/wp\/v2\/pages\/49\/revisions\/758"}],"wp:attachment":[{"href":"https:\/\/waldkindergartendreisamtal.de\/index.php?rest_route=%2Fwp%2Fv2%2Fmedia&parent=49"}],"curies":[{"name":"wp","href":"https:\/\/api.w.org\/{rel}","templated":true}]}}