{"id":43,"date":"2019-10-23T18:47:11","date_gmt":"2019-10-23T18:47:11","guid":{"rendered":"http:\/\/waldkindergartendreisamtal.de\/?page_id=43"},"modified":"2025-01-30T15:50:42","modified_gmt":"2025-01-30T15:50:42","slug":"vormerkung","status":"publish","type":"page","link":"https:\/\/waldkindergartendreisamtal.de\/?page_id=43","title":{"rendered":"Vormerkung"},"content":{"rendered":"\n<p><\/p>\n\n\n\n<p>Ab dem 01.04.2023 startet das <strong>zentrale Vormerksystem der Gemeinde Kirchzarten<\/strong> an dem auch der Waldkindergarten Dreisamtal teilnimmt. <\/p>\n\n\n\n<p>Bitte registrieren Sie sich f\u00fcr die Online-Platzvormerkung unter https:\/\/portal.little-bird.de\/Kirchzarten. <\/p>\n\n\n\n<p>Wir melden uns dann schnellstm\u00f6glich &#8211; zum pers\u00f6nlichen Kennenlernen, f\u00fcr einen Schnuppertermin im Wald, zum Beantworten von Fragen.<br><br><strong>Wir sind mit allen drei Standorten in der Bedarfsplanung der Gemeinde Kirchzarten ber\u00fccksichtigt, so k\u00f6nnen auch in Buchenbach und Oberried Kirchzartener Familien aufgenommen werden.<\/strong> <\/p>\n\n\n\n<p class=\"has-text-color\" style=\"color:#02b200\"><\/p>\n\n\n\n<p><\/p>\n","protected":false},"excerpt":{"rendered":"<p>Ab dem 01.04.2023 startet das zentrale Vormerksystem der Gemeinde Kirchzarten an dem auch der Waldkindergarten Dreisamtal teilnimmt. Bitte registrieren Sie sich f\u00fcr die Online-Platzvormerkung unter https:\/\/portal.little-bird.de\/Kirchzarten. Wir melden uns dann schnellstm\u00f6glich &#8211; zum pers\u00f6nlichen Kennenlernen, f\u00fcr einen Schnuppertermin im Wald, zum Beantworten von Fragen. Wir sind mit allen drei Standorten in der Bedarfsplanung der Gemeinde &#8230; <a title=\"Vormerkung\" class=\"read-more\" href=\"https:\/\/waldkindergartendreisamtal.de\/?page_id=43\" aria-label=\"Mehr Informationen \u00fcber Vormerkung\">Weiterlesen<\/a><\/p>\n","protected":false},"author":1,"featured_media":0,"parent":0,"menu_order":0,"comment_status":"closed","ping_status":"closed","template":"","meta":{"footnotes":""},"class_list":["post-43","page","type-page","status-publish"],"_links":{"self":[{"href":"https:\/\/waldkindergartendreisamtal.de\/index.php?rest_route=\/wp\/v2\/pages\/43","targetHints":{"allow":["GET"]}}],"collection":[{"href":"https:\/\/waldkindergartendreisamtal.de\/index.php?rest_route=\/wp\/v2\/pages"}],"about":[{"href":"https:\/\/waldkindergartendreisamtal.de\/index.php?rest_route=\/wp\/v2\/types\/page"}],"author":[{"embeddable":true,"href":"https:\/\/waldkindergartendreisamtal.de\/index.php?rest_route=\/wp\/v2\/users\/1"}],"replies":[{"embeddable":true,"href":"https:\/\/waldkindergartendreisamtal.de\/index.php?rest_route=%2Fwp%2Fv2%2Fcomments&post=43"}],"version-history":[{"count":22,"href":"https:\/\/waldkindergartendreisamtal.de\/index.php?rest_route=\/wp\/v2\/pages\/43\/revisions"}],"predecessor-version":[{"id":1135,"href":"https:\/\/waldkindergartendreisamtal.de\/index.php?rest_route=\/wp\/v2\/pages\/43\/revisions\/1135"}],"wp:attachment":[{"href":"https:\/\/waldkindergartendreisamtal.de\/index.php?rest_route=%2Fwp%2Fv2%2Fmedia&parent=43"}],"curies":[{"name":"wp","href":"https:\/\/api.w.org\/{rel}","templated":true}]}}