{"id":39,"date":"2019-10-23T18:40:23","date_gmt":"2019-10-23T18:40:23","guid":{"rendered":"http:\/\/waldkindergartendreisamtal.de\/?page_id=39"},"modified":"2024-03-12T14:44:10","modified_gmt":"2024-03-12T14:44:10","slug":"konzeption","status":"publish","type":"page","link":"https:\/\/waldkindergartendreisamtal.de\/?page_id=39","title":{"rendered":"Konzeption"},"content":{"rendered":"\n<p><\/p>\n\n\n\n<p>Wir sind die Kinder des Waldkindergartens Dreisamtal e.v. und m\u00f6chten uns und unseren Kindergarten kurz vorstellen:<br> Wir sind sind bis zu 90 M\u00e4dchen und Jungen im Alter von 3-6 Jahren.  Jeden Morgen treffen wir uns, um uns gemeinsam auf den Weg in den Wald  zu machen, wo wir \u201eunseren\u201c Platz haben: mit einer gem\u00fctlichen Waldh\u00fctte  in Kirchzarten, einem gro\u00dfr\u00e4umigen Bauwagen in Buchenbach und einer alten M\u00fchle in Oberried-Weilersbach. Mit Rucks\u00e4cken und Vesper  ausger\u00fcstet und dem Wetter entsprechend gekleidet, verbringen wir den  ganzen Vormittag drau\u00dfen.<br> Unseren Waldkindergarten gibt es seit 1998, als unsere erste Gruppe in  Kirchzarten gegr\u00fcndet wurde. Und da immer mehr Kinder zu uns kommen  wollten, gibt es mittlerweile zwei Gruppen in Kirchzarten und zwei  j\u00fcngere Gruppen in Buchenbach. Seit Fr\u00fchjahr 2016 haben wir auch eine  Waldgruppe in Oberried. F\u00fcr die Zukunft w\u00fcnschen wir uns, dass weiterhin viele Kinder und deren Familien ihre Kindergartenzeit bei uns im Wald  und in der Natur des sch\u00f6nen Dreisamtals erleben d\u00fcrfen.<\/p>\n\n\n\n<p><strong> Was ist ein Waldkindergarten?<br>\n<\/strong>Die Idee einen Kindergarten au\u00dferhalb eines festen Geb\u00e4udes zu \nunterhalten, stammt urspr\u00fcnglich aus Skandinavien. Der erste offiziell \nanerkannte Waldkindergarten wurde 1993 in Flensburg gegr\u00fcndet. Seitdem \nist die Anzahl von so bezeichneten Wald- und Naturkinderg\u00e4rten stetig \ngestiegen (laut Wikipedia auf \u00fcber 700, Stand 2007), allein in Baden \nW\u00fcrttemberg sind es \u00fcber 100 und im Raum Freiburg gibt es inzwischen \nmindestens 15 Gruppen. Die Waldkinderg\u00e4rten haben folgende p\u00e4dagogische \nSchwerpunkte:<\/p>\n\n\n\n<ul class=\"wp-block-list\"><li>die Natur mit ihren ureigenen M\u00f6glichkeiten an Spielmaterialien gibt\n Raum f\u00fcr die Entfaltung der kindlichen Fantasie, Neugier und \nKreativit\u00e4t<\/li><li>im direkten Kontakt mit der Natur werden alle Sinne der Kinder angesprochen und ein achtsamer Umgang mit ihr erlernt<\/li><li>der Wald ist ein idealer Bewegungsraum, das Leben im Wald schafft Vertrauen in die eigenen motorischen F\u00e4higkeiten<\/li><li>vor allem im freien Spiel, aber auch in t\u00e4glichen Ritualen gewinnen \ndie Kinder Sicherheit im sozialen Miteinander und im Umgang mit \nKonflikten<\/li><\/ul>\n\n\n\n<p><strong>Wenn Sie mehr \u00fcber uns und unsere p\u00e4dagogischen Schwerpunkte  erfahren wollen k\u00f6nnen Sie <a href=\"https:\/\/waldkindergartendreisamtal.de\/wp-content\/uploads\/2024\/03\/Waldkindergarten-Konzeption-29-02-2024.pdf\">hier <\/a>unsere Konzeption als pdf-Datei laden.<\/strong> <a href=\"https:\/\/waldkindergartendreisamtal.de\/wp-content\/uploads\/2024\/03\/Waldkindergarten-Sexualpaedagogisches-Konzept-10-03-2024.pdf\">Hier<\/a> finden Sie unser sexualp\u00e4dagogisches Konzept.<\/p>\n","protected":false},"excerpt":{"rendered":"<p>Wir sind die Kinder des Waldkindergartens Dreisamtal e.v. und m\u00f6chten uns und unseren Kindergarten kurz vorstellen: Wir sind sind bis zu 90 M\u00e4dchen und Jungen im Alter von 3-6 Jahren. Jeden Morgen treffen wir uns, um uns gemeinsam auf den Weg in den Wald zu machen, wo wir \u201eunseren\u201c Platz haben: mit einer gem\u00fctlichen Waldh\u00fctte &#8230; <a title=\"Konzeption\" class=\"read-more\" href=\"https:\/\/waldkindergartendreisamtal.de\/?page_id=39\" aria-label=\"Mehr Informationen \u00fcber Konzeption\">Weiterlesen<\/a><\/p>\n","protected":false},"author":1,"featured_media":464,"parent":0,"menu_order":0,"comment_status":"closed","ping_status":"closed","template":"","meta":{"footnotes":""},"class_list":["post-39","page","type-page","status-publish","has-post-thumbnail"],"_links":{"self":[{"href":"https:\/\/waldkindergartendreisamtal.de\/index.php?rest_route=\/wp\/v2\/pages\/39","targetHints":{"allow":["GET"]}}],"collection":[{"href":"https:\/\/waldkindergartendreisamtal.de\/index.php?rest_route=\/wp\/v2\/pages"}],"about":[{"href":"https:\/\/waldkindergartendreisamtal.de\/index.php?rest_route=\/wp\/v2\/types\/page"}],"author":[{"embeddable":true,"href":"https:\/\/waldkindergartendreisamtal.de\/index.php?rest_route=\/wp\/v2\/users\/1"}],"replies":[{"embeddable":true,"href":"https:\/\/waldkindergartendreisamtal.de\/index.php?rest_route=%2Fwp%2Fv2%2Fcomments&post=39"}],"version-history":[{"count":8,"href":"https:\/\/waldkindergartendreisamtal.de\/index.php?rest_route=\/wp\/v2\/pages\/39\/revisions"}],"predecessor-version":[{"id":1022,"href":"https:\/\/waldkindergartendreisamtal.de\/index.php?rest_route=\/wp\/v2\/pages\/39\/revisions\/1022"}],"wp:featuredmedia":[{"embeddable":true,"href":"https:\/\/waldkindergartendreisamtal.de\/index.php?rest_route=\/wp\/v2\/media\/464"}],"wp:attachment":[{"href":"https:\/\/waldkindergartendreisamtal.de\/index.php?rest_route=%2Fwp%2Fv2%2Fmedia&parent=39"}],"curies":[{"name":"wp","href":"https:\/\/api.w.org\/{rel}","templated":true}]}}