{"id":200,"date":"2019-12-03T09:50:53","date_gmt":"2019-12-03T09:50:53","guid":{"rendered":"http:\/\/waldkindergartendreisamtal.de\/?page_id=200"},"modified":"2022-01-09T16:03:26","modified_gmt":"2022-01-09T16:03:26","slug":"anfahrt-standort-oberried","status":"publish","type":"page","link":"https:\/\/waldkindergartendreisamtal.de\/?page_id=200","title":{"rendered":"Anfahrt Standort Oberried"},"content":{"rendered":"\n<div class=\"wp-block-image is-style-default\"><figure class=\"aligncenter\"><img fetchpriority=\"high\" decoding=\"async\" width=\"490\" height=\"367\" src=\"http:\/\/waldkindergartendreisamtal.de\/wp-content\/uploads\/2020\/01\/Foto-M\u00fchle.jpg\" alt=\"\" class=\"wp-image-300\" srcset=\"https:\/\/waldkindergartendreisamtal.de\/wp-content\/uploads\/2020\/01\/Foto-M\u00fchle.jpg 490w, https:\/\/waldkindergartendreisamtal.de\/wp-content\/uploads\/2020\/01\/Foto-M\u00fchle-300x225.jpg 300w\" sizes=\"(max-width: 490px) 100vw, 490px\" \/><\/figure><\/div>\n\n\n\n<p>Von der B31 kommend Ausfahrt St. Peter\/Stegen\/Todtnau\/Oberried\/Kirchzarten nehmen und der L126 in Richtung Oberried folgen. Links abbiegen auf die Weilersbachstr. in Richtung Gasthaus Sch\u00fctzen. Bevor man den Bach \u00fcberquert befindet sich auf der linken Seite ein Parkplatz. Bitte Auto hier abstellen. Den Bach \u00fcberqueren und links abbiegen. Geradeaus am Gasthaus Sch\u00fctzen vorbei den Feldweg &#8211; linkerhand befindet sich die M\u00fchle.<br><strong>Bitte beachten: das Anfahren der M\u00fchle mit dem Auto ist untersagt!<\/strong><\/p>\n\n\n\n<div style=\"width: 500px;position: relative;\"><iframe src=\"https:\/\/maps.google.com\/maps?width=500&amp;height=500&amp;hl=en&amp;q=Weilersbachstra%C3%9Fe1+(Waldkindergarten%20Dreisamtal%20Oberried)&amp;ie=UTF8&amp;t=k&amp;z=15&amp;iwloc=B&amp;output=embed\" scrolling=\"no\" marginheight=\"0\" marginwidth=\"0\" width=\"500\" height=\"500\" frameborder=\"0\"><\/iframe><div style=\"position: absolute;width: 80%;bottom: 10px;left: 0;right: 0;margin-left: auto;margin-right: auto;color: #000;text-align: center;\"><small style=\"line-height: 1.8;font-size: 2px;background: #fff;\">Powered by <a href=\"http:\/\/www.googlemapsgenerator.com\/zh\/\">googlemapsgen (zh)<\/a> &amp; <a href=\"https:\/\/www.buyinstagramfollowersreviews.net\/\">5 ways to clean up your twitter pro buy followers guide<\/a><\/small><\/div><style>#gmap_canvas img{max-width:none!important;background:none!important}<\/style><\/div><br>\n\n\n\n<iframe scrolling=\"no\" marginheight=\"0\" marginwidth=\"0\" src=\"https:\/\/www.openstreetmap.org\/export\/embed.html?bbox=7.956547737121583%2C47.944952819075304%2C7.959018051624299%2C47.94628772197021&amp;layer=mapnik\" style=\"border: 1px solid black\" width=\"425\" height=\"350\" frameborder=\"0\"><\/iframe><br><small><a href=\"https:\/\/www.openstreetmap.org\/#map=19\/47.94562\/7.95778\">Gr\u00f6\u00dfere Karte anzeigen<\/a><\/small>\n","protected":false},"excerpt":{"rendered":"<p>Von der B31 kommend Ausfahrt St. Peter\/Stegen\/Todtnau\/Oberried\/Kirchzarten nehmen und der L126 in Richtung Oberried folgen. Links abbiegen auf die Weilersbachstr. in Richtung Gasthaus Sch\u00fctzen. Bevor man den Bach \u00fcberquert befindet sich auf der linken Seite ein Parkplatz. Bitte Auto hier abstellen. Den Bach \u00fcberqueren und links abbiegen. Geradeaus am Gasthaus Sch\u00fctzen vorbei den Feldweg &#8211; &#8230; <a title=\"Anfahrt Standort Oberried\" class=\"read-more\" href=\"https:\/\/waldkindergartendreisamtal.de\/?page_id=200\" aria-label=\"Mehr Informationen \u00fcber Anfahrt Standort Oberried\">Weiterlesen<\/a><\/p>\n","protected":false},"author":2,"featured_media":0,"parent":0,"menu_order":0,"comment_status":"closed","ping_status":"closed","template":"","meta":{"footnotes":""},"class_list":["post-200","page","type-page","status-publish"],"_links":{"self":[{"href":"https:\/\/waldkindergartendreisamtal.de\/index.php?rest_route=\/wp\/v2\/pages\/200","targetHints":{"allow":["GET"]}}],"collection":[{"href":"https:\/\/waldkindergartendreisamtal.de\/index.php?rest_route=\/wp\/v2\/pages"}],"about":[{"href":"https:\/\/waldkindergartendreisamtal.de\/index.php?rest_route=\/wp\/v2\/types\/page"}],"author":[{"embeddable":true,"href":"https:\/\/waldkindergartendreisamtal.de\/index.php?rest_route=\/wp\/v2\/users\/2"}],"replies":[{"embeddable":true,"href":"https:\/\/waldkindergartendreisamtal.de\/index.php?rest_route=%2Fwp%2Fv2%2Fcomments&post=200"}],"version-history":[{"count":12,"href":"https:\/\/waldkindergartendreisamtal.de\/index.php?rest_route=\/wp\/v2\/pages\/200\/revisions"}],"predecessor-version":[{"id":738,"href":"https:\/\/waldkindergartendreisamtal.de\/index.php?rest_route=\/wp\/v2\/pages\/200\/revisions\/738"}],"wp:attachment":[{"href":"https:\/\/waldkindergartendreisamtal.de\/index.php?rest_route=%2Fwp%2Fv2%2Fmedia&parent=200"}],"curies":[{"name":"wp","href":"https:\/\/api.w.org\/{rel}","templated":true}]}}