{"id":193,"date":"2019-12-03T09:44:38","date_gmt":"2019-12-03T09:44:38","guid":{"rendered":"http:\/\/waldkindergartendreisamtal.de\/?page_id=193"},"modified":"2021-10-03T14:45:43","modified_gmt":"2021-10-03T14:45:43","slug":"anfahrt-standort-kirchzarten","status":"publish","type":"page","link":"https:\/\/waldkindergartendreisamtal.de\/?page_id=193","title":{"rendered":"Standort und Anfahrt Kirchzarten"},"content":{"rendered":"\n<div class=\"wp-block-columns is-layout-flex wp-container-core-columns-is-layout-9d6595d7 wp-block-columns-is-layout-flex\">\n<div class=\"wp-block-column is-layout-flow wp-block-column-is-layout-flow\" style=\"flex-basis:100%\">\n<div class=\"wp-block-image is-style-default\"><figure class=\"aligncenter size-medium is-resized\"><img fetchpriority=\"high\" decoding=\"async\" src=\"https:\/\/waldkindergartendreisamtal.de\/wp-content\/uploads\/2019\/11\/2013-10-11-09-11-46-1-300x225.jpg\" alt=\"\" class=\"wp-image-170\" width=\"497\" height=\"373\" srcset=\"https:\/\/waldkindergartendreisamtal.de\/wp-content\/uploads\/2019\/11\/2013-10-11-09-11-46-1-300x225.jpg 300w, https:\/\/waldkindergartendreisamtal.de\/wp-content\/uploads\/2019\/11\/2013-10-11-09-11-46-1-768x576.jpg 768w, https:\/\/waldkindergartendreisamtal.de\/wp-content\/uploads\/2019\/11\/2013-10-11-09-11-46-1.jpg 1024w\" sizes=\"(max-width: 497px) 100vw, 497px\" \/><\/figure><\/div>\n<\/div>\n<\/div>\n\n\n\n<p>Gr\u00fcndungsjahr 1998<br>2 Gruppen mit insgesamt 32 Pl\u00e4tzen<\/p>\n\n\n\n<p>B 31&nbsp;Ausfahrt Kirchzarten&nbsp;\u2013 Richtung Oberried (L126)&nbsp;\u2013 nach ca. 1,5 km  links in die Oberrieder Strasse&nbsp;\u2013 nach&nbsp;weiteren ca. 500 m rechts zum  Schulzentrum\/Sportanlage \u2013&nbsp;auf Parkplatz der Sportanlage&nbsp;parken&nbsp;\u2013 zu Fu\u00df  zur Buswendeschleife des Schulzentrum gehen \u2013&nbsp;von dort&nbsp;noch ungef\u00e4hr  100 m&nbsp;am Bach entlang gehen (linke Seite), Richtung Hofgut  Bickenreute.&nbsp;Bei der ersten Bank auf diesem Weg ist man an unserem  Bring- und Abholplatz angekommen. <br>Ab hier sind Autos nur noch in Ausnahmef\u00e4llen zugelassen!<br>Dem Weg bachaufw\u00e4rts folgen, an der Br\u00fcckenkreuzung halblinks abbiegen, dann ist die H\u00fctte schon fast zu sehen.<\/p>\n\n\n\n<div style=\"width: 500px;position: relative;\"><iframe src=\"https:\/\/maps.google.com\/maps?width=500&amp;height=500&amp;hl=en&amp;q=Hexenwald%20Trailpark+(Waldkindergarten%20Dreisamtal%20Kirchzarten)&amp;ie=UTF8&amp;t=k&amp;z=15&amp;iwloc=B&amp;output=embed\" scrolling=\"no\" marginheight=\"0\" marginwidth=\"0\" width=\"500\" height=\"500\" frameborder=\"0\"><\/iframe><div style=\"position: absolute;width: 80%;bottom: 10px;left: 0;right: 0;margin-left: auto;margin-right: auto;color: #000;text-align: center;\"><small style=\"line-height: 1.8;font-size: 2px;background: #fff;\">Powered by <a href=\"http:\/\/www.googlemapsgenerator.com\/da\/\">Googlemapsgenerator.com\/da\/<\/a> &amp; <a href=\"https:\/\/www.buyinstagramfollowersreviews.net\/\">check this website to buy followers<\/a><\/small><\/div><style>#gmap_canvas img{max-width:none!important;background:none!important}<\/style><\/div><br>\n\n\n\n<iframe scrolling=\"no\" marginheight=\"0\" marginwidth=\"0\" src=\"https:\/\/www.openstreetmap.org\/export\/embed.html?bbox=7.9561078548431405%2C47.94861788034163%2C7.965989112854005%2C47.95395690644749&amp;layer=mapnik\" style=\"border: 1px solid black\" width=\"425\" height=\"350\" frameborder=\"0\"><\/iframe><br><small><a href=\"https:\/\/www.openstreetmap.org\/#map=17\/47.95129\/7.96105\">Gr\u00f6\u00dfere Karte anzeigen<\/a><\/small>\n","protected":false},"excerpt":{"rendered":"<p>Gr\u00fcndungsjahr 19982 Gruppen mit insgesamt 32 Pl\u00e4tzen B 31&nbsp;Ausfahrt Kirchzarten&nbsp;\u2013 Richtung Oberried (L126)&nbsp;\u2013 nach ca. 1,5 km links in die Oberrieder Strasse&nbsp;\u2013 nach&nbsp;weiteren ca. 500 m rechts zum Schulzentrum\/Sportanlage \u2013&nbsp;auf Parkplatz der Sportanlage&nbsp;parken&nbsp;\u2013 zu Fu\u00df zur Buswendeschleife des Schulzentrum gehen \u2013&nbsp;von dort&nbsp;noch ungef\u00e4hr 100 m&nbsp;am Bach entlang gehen (linke Seite), Richtung Hofgut Bickenreute.&nbsp;Bei der ersten &#8230; <a title=\"Standort und Anfahrt Kirchzarten\" class=\"read-more\" href=\"https:\/\/waldkindergartendreisamtal.de\/?page_id=193\" aria-label=\"Mehr Informationen \u00fcber Standort und Anfahrt Kirchzarten\">Weiterlesen<\/a><\/p>\n","protected":false},"author":2,"featured_media":0,"parent":0,"menu_order":0,"comment_status":"closed","ping_status":"closed","template":"","meta":{"footnotes":""},"class_list":["post-193","page","type-page","status-publish"],"_links":{"self":[{"href":"https:\/\/waldkindergartendreisamtal.de\/index.php?rest_route=\/wp\/v2\/pages\/193","targetHints":{"allow":["GET"]}}],"collection":[{"href":"https:\/\/waldkindergartendreisamtal.de\/index.php?rest_route=\/wp\/v2\/pages"}],"about":[{"href":"https:\/\/waldkindergartendreisamtal.de\/index.php?rest_route=\/wp\/v2\/types\/page"}],"author":[{"embeddable":true,"href":"https:\/\/waldkindergartendreisamtal.de\/index.php?rest_route=\/wp\/v2\/users\/2"}],"replies":[{"embeddable":true,"href":"https:\/\/waldkindergartendreisamtal.de\/index.php?rest_route=%2Fwp%2Fv2%2Fcomments&post=193"}],"version-history":[{"count":12,"href":"https:\/\/waldkindergartendreisamtal.de\/index.php?rest_route=\/wp\/v2\/pages\/193\/revisions"}],"predecessor-version":[{"id":711,"href":"https:\/\/waldkindergartendreisamtal.de\/index.php?rest_route=\/wp\/v2\/pages\/193\/revisions\/711"}],"wp:attachment":[{"href":"https:\/\/waldkindergartendreisamtal.de\/index.php?rest_route=%2Fwp%2Fv2%2Fmedia&parent=193"}],"curies":[{"name":"wp","href":"https:\/\/api.w.org\/{rel}","templated":true}]}}